{"id":194,"date":"2018-09-26T17:30:07","date_gmt":"2018-09-26T17:30:07","guid":{"rendered":"https:\/\/renovation.progressionstudios.com\/?page_id=194"},"modified":"2022-05-04T22:21:10","modified_gmt":"2022-05-04T22:21:10","slug":"services","status":"publish","type":"page","link":"https:\/\/umranyapimarket.com\/index.php\/services\/","title":{"rendered":"H\u0130ZMETLER\u0130M\u0130Z"},"content":{"rendered":"\t\t<div data-elementor-type=\"wp-page\" data-elementor-id=\"194\" class=\"elementor elementor-194\" data-elementor-settings=\"[]\">\n\t\t\t\t\t\t\t<div class=\"elementor-section-wrap\">\n\t\t\t\t\t\t\t<section class=\"elementor-section elementor-top-section elementor-element elementor-element-49f20284 elementor-section-boxed elementor-section-height-default elementor-section-height-default\" data-id=\"49f20284\" data-element_type=\"section\">\n\t\t\t\t\t\t<div class=\"elementor-container elementor-column-gap-extended\">\n\t\t\t\t\t<div class=\"elementor-column elementor-col-50 elementor-top-column elementor-element elementor-element-24d931c5\" data-id=\"24d931c5\" data-element_type=\"column\" data-settings=\"{&quot;background_background&quot;:&quot;classic&quot;}\">\n\t\t\t<div class=\"elementor-widget-wrap elementor-element-populated\">\n\t\t\t\t\t\t\t\t<div class=\"elementor-element elementor-element-737427a5 elementor-widget elementor-widget-image\" data-id=\"737427a5\" data-element_type=\"widget\" data-widget_type=\"image.default\">\n\t\t\t\t<div class=\"elementor-widget-container\">\n\t\t\t\t\t\t\t\t\t\t\t\t\t\t\t<img width=\"300\" height=\"140\" src=\"https:\/\/umranyapimarket.com\/wp-content\/uploads\/2014\/09\/construction-icon.png\" class=\"attachment-large size-large\" alt=\"\" loading=\"lazy\" \/>\t\t\t\t\t\t\t\t\t\t\t\t\t\t\t<\/div>\n\t\t\t\t<\/div>\n\t\t\t\t<div class=\"elementor-element elementor-element-5fae7c5b elementor-widget elementor-widget-heading\" data-id=\"5fae7c5b\" data-element_type=\"widget\" data-widget_type=\"heading.default\">\n\t\t\t\t<div class=\"elementor-widget-container\">\n\t\t\t<h2 class=\"elementor-heading-title elementor-size-default\">\u0130n\u015faat<\/h2>\t\t<\/div>\n\t\t\t\t<\/div>\n\t\t\t\t<div class=\"elementor-element elementor-element-5cda49ec elementor-widget elementor-widget-text-editor\" data-id=\"5cda49ec\" data-element_type=\"widget\" data-widget_type=\"text-editor.default\">\n\t\t\t\t<div class=\"elementor-widget-container\">\n\t\t\t\t\t\t\t<p>\u0130n\u015faat, belli bir b\u00f6lgedeki bina, altyap\u0131, havaalan\u0131, baraj gibi geni\u015f anlamda yap\u0131 veya yap\u0131 \u00e7evresinin olu\u015fturulma a\u015famas\u0131d\u0131r. \u0130n\u015faat asl\u0131nda pek \u00e7ok i\u015fin ayn\u0131 anda y\u00fcr\u00fct\u00fcld\u00fc\u011f\u00fc bir s\u00fcre\u00e7tir.<\/p>\t\t\t\t\t\t<\/div>\n\t\t\t\t<\/div>\n\t\t\t\t<div class=\"elementor-element elementor-element-6b4ca820 elementor-widget-divider--view-line elementor-widget elementor-widget-divider\" data-id=\"6b4ca820\" data-element_type=\"widget\" data-widget_type=\"divider.default\">\n\t\t\t\t<div class=\"elementor-widget-container\">\n\t\t\t\t\t<div class=\"elementor-divider\">\n\t\t\t<span class=\"elementor-divider-separator\">\n\t\t\t\t\t\t<\/span>\n\t\t<\/div>\n\t\t\t\t<\/div>\n\t\t\t\t<\/div>\n\t\t\t\t\t<\/div>\n\t\t<\/div>\n\t\t\t\t<div class=\"elementor-column elementor-col-50 elementor-top-column elementor-element elementor-element-223e67bc\" data-id=\"223e67bc\" data-element_type=\"column\" data-settings=\"{&quot;background_background&quot;:&quot;classic&quot;}\">\n\t\t\t<div class=\"elementor-widget-wrap elementor-element-populated\">\n\t\t\t\t\t\t\t\t<div class=\"elementor-element elementor-element-1f085e38 elementor-widget elementor-widget-image\" data-id=\"1f085e38\" data-element_type=\"widget\" data-widget_type=\"image.default\">\n\t\t\t\t<div class=\"elementor-widget-container\">\n\t\t\t\t\t\t\t\t\t\t\t\t\t\t\t<img width=\"300\" height=\"140\" src=\"https:\/\/umranyapimarket.com\/wp-content\/uploads\/2014\/09\/roofing-icon.png\" class=\"attachment-large size-large\" alt=\"\" loading=\"lazy\" \/>\t\t\t\t\t\t\t\t\t\t\t\t\t\t\t<\/div>\n\t\t\t\t<\/div>\n\t\t\t\t<div class=\"elementor-element elementor-element-454d4d47 elementor-widget elementor-widget-heading\" data-id=\"454d4d47\" data-element_type=\"widget\" data-widget_type=\"heading.default\">\n\t\t\t\t<div class=\"elementor-widget-container\">\n\t\t\t<h2 class=\"elementor-heading-title elementor-size-default\">\u00c7at\u0131 Kaplama<\/h2>\t\t<\/div>\n\t\t\t\t<\/div>\n\t\t\t\t<div class=\"elementor-element elementor-element-71607b6e elementor-widget elementor-widget-text-editor\" data-id=\"71607b6e\" data-element_type=\"widget\" data-widget_type=\"text-editor.default\">\n\t\t\t\t<div class=\"elementor-widget-container\">\n\t\t\t\t\t\t\t<p>Binalar\u0131n veya genel ad\u0131yla yap\u0131lar\u0131n kar, ya\u011fmur gibi d\u0131\u015f etkenlerden korunmas\u0131, \u0131s\u0131 yal\u0131t\u0131m\u0131n\u0131n sa\u011flanmas\u0131 amac\u0131 ile yap\u0131lan uygulamalara \u00e7at\u0131 kaplama denir.<\/p>\t\t\t\t\t\t<\/div>\n\t\t\t\t<\/div>\n\t\t\t\t<div class=\"elementor-element elementor-element-24e5dd3f elementor-widget-divider--view-line elementor-widget elementor-widget-divider\" data-id=\"24e5dd3f\" data-element_type=\"widget\" data-widget_type=\"divider.default\">\n\t\t\t\t<div class=\"elementor-widget-container\">\n\t\t\t\t\t<div class=\"elementor-divider\">\n\t\t\t<span class=\"elementor-divider-separator\">\n\t\t\t\t\t\t<\/span>\n\t\t<\/div>\n\t\t\t\t<\/div>\n\t\t\t\t<\/div>\n\t\t\t\t\t<\/div>\n\t\t<\/div>\n\t\t\t\t\t\t\t<\/div>\n\t\t<\/section>\n\t\t\t\t<section class=\"elementor-section elementor-top-section elementor-element elementor-element-7d865b52 elementor-section-boxed elementor-section-height-default elementor-section-height-default\" data-id=\"7d865b52\" data-element_type=\"section\">\n\t\t\t\t\t\t<div class=\"elementor-container elementor-column-gap-extended\">\n\t\t\t\t\t<div class=\"elementor-column elementor-col-50 elementor-top-column elementor-element elementor-element-16e98352\" data-id=\"16e98352\" data-element_type=\"column\" data-settings=\"{&quot;background_background&quot;:&quot;classic&quot;}\">\n\t\t\t<div class=\"elementor-widget-wrap elementor-element-populated\">\n\t\t\t\t\t\t\t\t<div class=\"elementor-element elementor-element-4c7168e9 elementor-widget elementor-widget-image\" data-id=\"4c7168e9\" data-element_type=\"widget\" data-widget_type=\"image.default\">\n\t\t\t\t<div class=\"elementor-widget-container\">\n\t\t\t\t\t\t\t\t\t\t\t\t\t\t\t<img width=\"300\" height=\"140\" src=\"https:\/\/umranyapimarket.com\/wp-content\/uploads\/2014\/09\/plumbing-icon.png\" class=\"attachment-large size-large\" alt=\"\" loading=\"lazy\" \/>\t\t\t\t\t\t\t\t\t\t\t\t\t\t\t<\/div>\n\t\t\t\t<\/div>\n\t\t\t\t<div class=\"elementor-element elementor-element-2d43613f elementor-widget elementor-widget-heading\" data-id=\"2d43613f\" data-element_type=\"widget\" data-widget_type=\"heading.default\">\n\t\t\t\t<div class=\"elementor-widget-container\">\n\t\t\t<h2 class=\"elementor-heading-title elementor-size-default\">S\u0131hhi Tesisat<\/h2>\t\t<\/div>\n\t\t\t\t<\/div>\n\t\t\t\t<div class=\"elementor-element elementor-element-210949fc elementor-widget elementor-widget-text-editor\" data-id=\"210949fc\" data-element_type=\"widget\" data-widget_type=\"text-editor.default\">\n\t\t\t\t<div class=\"elementor-widget-container\">\n\t\t\t\t\t\t\t<p>Temiz suyun sa\u011fl\u0131kl\u0131 bir \u015fekilde daire ve i\u015fyerlerine getirilmesi ile at\u0131k sular\u0131n standartlara uygun bir bi\u00e7imde bina d\u0131\u015f\u0131ndaki kanalizasyon tesisat\u0131na aktar\u0131lmas\u0131n\u0131 sa\u011flayan boru sistemi ve bununla ilgili tesisatlar\u0131n tamam\u0131na s\u0131hhi tesisat ad\u0131 verilir.<\/p>\t\t\t\t\t\t<\/div>\n\t\t\t\t<\/div>\n\t\t\t\t<div class=\"elementor-element elementor-element-6e4f50d9 elementor-widget-divider--view-line elementor-widget elementor-widget-divider\" data-id=\"6e4f50d9\" data-element_type=\"widget\" data-widget_type=\"divider.default\">\n\t\t\t\t<div class=\"elementor-widget-container\">\n\t\t\t\t\t<div class=\"elementor-divider\">\n\t\t\t<span class=\"elementor-divider-separator\">\n\t\t\t\t\t\t<\/span>\n\t\t<\/div>\n\t\t\t\t<\/div>\n\t\t\t\t<\/div>\n\t\t\t\t\t<\/div>\n\t\t<\/div>\n\t\t\t\t<div class=\"elementor-column elementor-col-50 elementor-top-column elementor-element elementor-element-36ff6022\" data-id=\"36ff6022\" data-element_type=\"column\" data-settings=\"{&quot;background_background&quot;:&quot;classic&quot;}\">\n\t\t\t<div class=\"elementor-widget-wrap elementor-element-populated\">\n\t\t\t\t\t\t\t\t<div class=\"elementor-element elementor-element-7f95bb73 elementor-widget elementor-widget-image\" data-id=\"7f95bb73\" data-element_type=\"widget\" data-widget_type=\"image.default\">\n\t\t\t\t<div class=\"elementor-widget-container\">\n\t\t\t\t\t\t\t\t\t\t\t\t\t\t\t<img width=\"300\" height=\"140\" src=\"https:\/\/umranyapimarket.com\/wp-content\/uploads\/2014\/09\/electrocial-icon.png\" class=\"attachment-large size-large\" alt=\"\" loading=\"lazy\" \/>\t\t\t\t\t\t\t\t\t\t\t\t\t\t\t<\/div>\n\t\t\t\t<\/div>\n\t\t\t\t<div class=\"elementor-element elementor-element-438b387d elementor-widget elementor-widget-heading\" data-id=\"438b387d\" data-element_type=\"widget\" data-widget_type=\"heading.default\">\n\t\t\t\t<div class=\"elementor-widget-container\">\n\t\t\t<h2 class=\"elementor-heading-title elementor-size-default\">Elektrik<\/h2>\t\t<\/div>\n\t\t\t\t<\/div>\n\t\t\t\t<div class=\"elementor-element elementor-element-1dd7def6 elementor-widget elementor-widget-text-editor\" data-id=\"1dd7def6\" data-element_type=\"widget\" data-widget_type=\"text-editor.default\">\n\t\t\t\t<div class=\"elementor-widget-container\">\n\t\t\t\t\t\t\t<p>Elektrik tesisat\u0131 da ihtiya\u00e7 duyulan yerler do\u011frultusunda elektrik malzemeleri kullan\u0131larak haz\u0131rlanan te\u00e7hizatt\u0131r.\u00a0\u00d6rnek vermek gerekirse, prizler, duylar, sigorta kutusu gibi buatlar, klemensler, borular, anahtarlar akla ilk gelen elektrik te\u00e7hizatlar\u0131ndand\u0131r.<\/p>\t\t\t\t\t\t<\/div>\n\t\t\t\t<\/div>\n\t\t\t\t<div class=\"elementor-element elementor-element-1ea69270 elementor-widget-divider--view-line elementor-widget elementor-widget-divider\" data-id=\"1ea69270\" data-element_type=\"widget\" data-widget_type=\"divider.default\">\n\t\t\t\t<div class=\"elementor-widget-container\">\n\t\t\t\t\t<div class=\"elementor-divider\">\n\t\t\t<span class=\"elementor-divider-separator\">\n\t\t\t\t\t\t<\/span>\n\t\t<\/div>\n\t\t\t\t<\/div>\n\t\t\t\t<\/div>\n\t\t\t\t\t<\/div>\n\t\t<\/div>\n\t\t\t\t\t\t\t<\/div>\n\t\t<\/section>\n\t\t\t\t<section class=\"elementor-section elementor-top-section elementor-element elementor-element-459ff8ae elementor-section-boxed elementor-section-height-default elementor-section-height-default\" data-id=\"459ff8ae\" data-element_type=\"section\">\n\t\t\t\t\t\t<div class=\"elementor-container elementor-column-gap-extended\">\n\t\t\t\t\t<div class=\"elementor-column elementor-col-50 elementor-top-column elementor-element elementor-element-601b828b\" data-id=\"601b828b\" data-element_type=\"column\" data-settings=\"{&quot;background_background&quot;:&quot;classic&quot;}\">\n\t\t\t<div class=\"elementor-widget-wrap elementor-element-populated\">\n\t\t\t\t\t\t\t\t<div class=\"elementor-element elementor-element-1ab06d2e elementor-widget elementor-widget-image\" data-id=\"1ab06d2e\" data-element_type=\"widget\" data-widget_type=\"image.default\">\n\t\t\t\t<div class=\"elementor-widget-container\">\n\t\t\t\t\t\t\t\t\t\t\t\t\t\t\t<img width=\"300\" height=\"140\" src=\"https:\/\/umranyapimarket.com\/wp-content\/uploads\/2014\/09\/remodeling-icon.png\" class=\"attachment-large size-large\" alt=\"\" loading=\"lazy\" \/>\t\t\t\t\t\t\t\t\t\t\t\t\t\t\t<\/div>\n\t\t\t\t<\/div>\n\t\t\t\t<div class=\"elementor-element elementor-element-227e63fe elementor-widget elementor-widget-heading\" data-id=\"227e63fe\" data-element_type=\"widget\" data-widget_type=\"heading.default\">\n\t\t\t\t<div class=\"elementor-widget-container\">\n\t\t\t<h2 class=\"elementor-heading-title elementor-size-default\">Modelleme<\/h2>\t\t<\/div>\n\t\t\t\t<\/div>\n\t\t\t\t<div class=\"elementor-element elementor-element-34263682 elementor-widget elementor-widget-text-editor\" data-id=\"34263682\" data-element_type=\"widget\" data-widget_type=\"text-editor.default\">\n\t\t\t\t<div class=\"elementor-widget-container\">\n\t\t\t\t\t\t\t<p>Bir cismin t\u00fcm y\u00fczeylerinin 3 boyutlu bir \u015fekilde bilgisayar ortam\u0131nda olu\u015fturulmas\u0131d\u0131r. G\u00f6r\u00fcnt\u00fcler, g\u00f6r\u00fcnt\u00fcdeki belirli bir nesnenin hangi renk, doku ve malzemeye sahip oldu\u011funu belirleyen veri k\u00fcmelerine dayal\u0131 olarak olu\u015fturulur.<\/p>\t\t\t\t\t\t<\/div>\n\t\t\t\t<\/div>\n\t\t\t\t<div class=\"elementor-element elementor-element-5215d1f1 elementor-widget-divider--view-line elementor-widget elementor-widget-divider\" data-id=\"5215d1f1\" data-element_type=\"widget\" data-widget_type=\"divider.default\">\n\t\t\t\t<div class=\"elementor-widget-container\">\n\t\t\t\t\t<div class=\"elementor-divider\">\n\t\t\t<span class=\"elementor-divider-separator\">\n\t\t\t\t\t\t<\/span>\n\t\t<\/div>\n\t\t\t\t<\/div>\n\t\t\t\t<\/div>\n\t\t\t\t\t<\/div>\n\t\t<\/div>\n\t\t\t\t<div class=\"elementor-column elementor-col-50 elementor-top-column elementor-element elementor-element-71b66322\" data-id=\"71b66322\" data-element_type=\"column\" data-settings=\"{&quot;background_background&quot;:&quot;classic&quot;}\">\n\t\t\t<div class=\"elementor-widget-wrap elementor-element-populated\">\n\t\t\t\t\t\t\t\t<div class=\"elementor-element elementor-element-70cdf754 elementor-widget elementor-widget-image\" data-id=\"70cdf754\" data-element_type=\"widget\" data-widget_type=\"image.default\">\n\t\t\t\t<div class=\"elementor-widget-container\">\n\t\t\t\t\t\t\t\t\t\t\t\t\t\t\t<img width=\"300\" height=\"140\" src=\"https:\/\/umranyapimarket.com\/wp-content\/uploads\/2014\/09\/solar-installation-icon.png\" class=\"attachment-large size-large\" alt=\"\" loading=\"lazy\" \/>\t\t\t\t\t\t\t\t\t\t\t\t\t\t\t<\/div>\n\t\t\t\t<\/div>\n\t\t\t\t<div class=\"elementor-element elementor-element-279b441a elementor-widget elementor-widget-heading\" data-id=\"279b441a\" data-element_type=\"widget\" data-widget_type=\"heading.default\">\n\t\t\t\t<div class=\"elementor-widget-container\">\n\t\t\t<h2 class=\"elementor-heading-title elementor-size-default\">Bah\u00e7e D\u00fczenlemesi<\/h2>\t\t<\/div>\n\t\t\t\t<\/div>\n\t\t\t\t<div class=\"elementor-element elementor-element-3de21d84 elementor-widget elementor-widget-text-editor\" data-id=\"3de21d84\" data-element_type=\"widget\" data-widget_type=\"text-editor.default\">\n\t\t\t\t<div class=\"elementor-widget-container\">\n\t\t\t\t\t\t\t<p>\u00c7e\u015fitli karakterdeki do\u011fal ve k\u00fclt\u00fcrel elemanlar\u0131n estetik ve fonksiyonel bir \u015fekilde bir araya getirilip d\u00fczenlenmesine bah\u00e7e d\u00fczenlemesi, yani peyzaj denir.<\/p>\t\t\t\t\t\t<\/div>\n\t\t\t\t<\/div>\n\t\t\t\t<div class=\"elementor-element elementor-element-631d9085 elementor-widget-divider--view-line elementor-widget elementor-widget-divider\" data-id=\"631d9085\" data-element_type=\"widget\" data-widget_type=\"divider.default\">\n\t\t\t\t<div class=\"elementor-widget-container\">\n\t\t\t\t\t<div class=\"elementor-divider\">\n\t\t\t<span class=\"elementor-divider-separator\">\n\t\t\t\t\t\t<\/span>\n\t\t<\/div>\n\t\t\t\t<\/div>\n\t\t\t\t<\/div>\n\t\t\t\t\t<\/div>\n\t\t<\/div>\n\t\t\t\t\t\t\t<\/div>\n\t\t<\/section>\n\t\t\t\t\t\t<\/div>\n\t\t\t\t\t<\/div>\n\t\t","protected":false},"excerpt":{"rendered":"<p>\u0130n\u015faat \u0130n\u015faat, belli bir b\u00f6lgedeki bina, altyap\u0131, havaalan\u0131, baraj gibi geni\u015f anlamda yap\u0131 veya yap\u0131 \u00e7evresinin olu\u015fturulma a\u015famas\u0131d\u0131r. \u0130n\u015faat asl\u0131nda pek \u00e7ok i\u015fin ayn\u0131 anda y\u00fcr\u00fct\u00fcld\u00fc\u011f\u00fc bir s\u00fcre\u00e7tir. \u00c7at\u0131 Kaplama Binalar\u0131n veya genel ad\u0131yla yap\u0131lar\u0131n kar, ya\u011fmur gibi d\u0131\u015f etkenlerden korunmas\u0131, \u0131s\u0131 yal\u0131t\u0131m\u0131n\u0131n sa\u011flanmas\u0131 amac\u0131 ile yap\u0131lan uygulamalara \u00e7at\u0131 kaplama denir. S\u0131hhi Tesisat Temiz suyun [&hellip;]<\/p>\n","protected":false},"author":1,"featured_media":0,"parent":0,"menu_order":0,"comment_status":"closed","ping_status":"closed","template":"","meta":{"om_disable_all_campaigns":false,"_monsterinsights_skip_tracking":false,"_monsterinsights_sitenote_active":false,"_monsterinsights_sitenote_note":"","_monsterinsights_sitenote_category":0},"_links":{"self":[{"href":"https:\/\/umranyapimarket.com\/index.php\/wp-json\/wp\/v2\/pages\/194"}],"collection":[{"href":"https:\/\/umranyapimarket.com\/index.php\/wp-json\/wp\/v2\/pages"}],"about":[{"href":"https:\/\/umranyapimarket.com\/index.php\/wp-json\/wp\/v2\/types\/page"}],"author":[{"embeddable":true,"href":"https:\/\/umranyapimarket.com\/index.php\/wp-json\/wp\/v2\/users\/1"}],"replies":[{"embeddable":true,"href":"https:\/\/umranyapimarket.com\/index.php\/wp-json\/wp\/v2\/comments?post=194"}],"version-history":[{"count":9,"href":"https:\/\/umranyapimarket.com\/index.php\/wp-json\/wp\/v2\/pages\/194\/revisions"}],"predecessor-version":[{"id":425,"href":"https:\/\/umranyapimarket.com\/index.php\/wp-json\/wp\/v2\/pages\/194\/revisions\/425"}],"wp:attachment":[{"href":"https:\/\/umranyapimarket.com\/index.php\/wp-json\/wp\/v2\/media?parent=194"}],"curies":[{"name":"wp","href":"https:\/\/api.w.org\/{rel}","templated":true}]}}